{"id":263381,"date":"2024-01-02T12:03:35","date_gmt":"2024-01-02T10:03:35","guid":{"rendered":"https:\/\/dental-implants-center.hr\/kieferorthopaede-kroatien\/"},"modified":"2024-02-20T09:23:30","modified_gmt":"2024-02-20T09:23:30","slug":"kieferorthopaede-kroatien","status":"publish","type":"page","link":"https:\/\/dental-implants-center.hr\/de\/kieferorthopaede-kroatien\/","title":{"rendered":"Kieferorthop\u00e4de Kroatien"},"content":{"rendered":"<p>[et_pb_section fb_built=&#8220;1&#8243; next_background_color=&#8220;#ffffff&#8220; _builder_version=&#8220;4.23.1&#8243; _module_preset=&#8220;default&#8220; use_background_color_gradient=&#8220;on&#8220; background_color_gradient_repeat=&#8220;on&#8220; background_color_gradient_direction=&#8220;122deg&#8220; background_color_gradient_stops=&#8220;#ffffff 0%|rgba(255,255,255,0.84) 37%|rgba(237,236,227,0.55) 99%&#8220; background_color_gradient_overlays_image=&#8220;on&#8220; background_enable_image=&#8220;off&#8220; custom_margin=&#8220;0px||0px||false|false&#8220; custom_padding=&#8220;1%||5%||false|false&#8220; bottom_divider_style=&#8220;curve&#8220; bottom_divider_height=&#8220;40px&#8220; global_colors_info=&#8220;{}&#8220;][et_pb_row column_structure=&#8220;1_2,1_2&#8243; use_custom_gutter=&#8220;on&#8220; gutter_width=&#8220;1&#8243; _builder_version=&#8220;4.23.1&#8243; _module_preset=&#8220;default&#8220; width_tablet=&#8220;&#8220; width_phone=&#8220;90%&#8220; width_last_edited=&#8220;on|phone&#8220; custom_margin=&#8220;||0px||false|false&#8220; custom_padding=&#8220;||0px||false|false&#8220; global_colors_info=&#8220;{}&#8220;][et_pb_column type=&#8220;1_2&#8243; _builder_version=&#8220;4.23.1&#8243; _module_preset=&#8220;default&#8220; custom_padding=&#8220;2%||||false|false&#8220; global_colors_info=&#8220;{}&#8220;][et_pb_text _builder_version=&#8220;4.23.1&#8243; _module_preset=&#8220;default&#8220; header_font=&#8220;DM Sans|700|||||||&#8220; header_text_color=&#8220;#007C7A&#8220; header_font_size=&#8220;18px&#8220; header_2_font=&#8220;EB Garamond|600|||||||&#8220; header_2_font_size=&#8220;20px&#8220; header_3_font=&#8220;DM Sans|700|||||||&#8220; header_3_text_color=&#8220;#007C7A&#8220; header_3_font_size=&#8220;18px&#8220; header_3_line_height=&#8220;1.3em&#8220; custom_padding=&#8220;||20px||false|false&#8220; custom_padding_tablet=&#8220;||20px||false|false&#8220; custom_padding_phone=&#8220;||5px||false|false&#8220; custom_padding_last_edited=&#8220;on|phone&#8220; text_line_height_tablet=&#8220;&#8220; text_line_height_phone=&#8220;1.8em&#8220; text_line_height_last_edited=&#8220;on|phone&#8220; header_line_height_tablet=&#8220;&#8220; header_line_height_phone=&#8220;1.3em&#8220; header_line_height_last_edited=&#8220;on|phone&#8220; global_colors_info=&#8220;{}&#8220;]<\/p>\n<h3>Zahnregulierung f\u00fcr gerade Z\u00e4hne<\/h3>\n<p>[\/et_pb_text][et_pb_divider color=&#8220;#98DAD9&#8243; divider_weight=&#8220;2px&#8220; _builder_version=&#8220;4.23.1&#8243; _module_preset=&#8220;default&#8220; width=&#8220;60%&#8220; width_tablet=&#8220;60%&#8220; width_phone=&#8220;100%&#8220; width_last_edited=&#8220;on|phone&#8220; custom_margin=&#8220;||0px||false|false&#8220; custom_padding=&#8220;||0px||false|false&#8220; global_colors_info=&#8220;{}&#8220;][\/et_pb_divider][et_pb_text _builder_version=&#8220;4.23.1&#8243; _module_preset=&#8220;default&#8220; text_font=&#8220;|700|||||||&#8220; text_text_color=&#8220;#007C7A&#8220; text_font_size=&#8220;18px&#8220; text_line_height=&#8220;2em&#8220; header_font=&#8220;Cormorant Garamond|600|||||||&#8220; header_text_color=&#8220;#007C7A&#8220; header_font_size=&#8220;76px&#8220; header_2_font=&#8220;Cormorant Garamond|700|||||||&#8220; header_2_text_color=&#8220;#007C7A&#8220; header_2_font_size=&#8220;76px&#8220; custom_margin=&#8220;||0px||false|false&#8220; custom_margin_tablet=&#8220;||0px||false|false&#8220; custom_margin_phone=&#8220;-6px||||false|false&#8220; custom_margin_last_edited=&#8220;on|phone&#8220; custom_padding=&#8220;||10px||false|false&#8220; animation_style=&#8220;slide&#8220; animation_duration=&#8220;1500ms&#8220; animation_intensity_slide=&#8220;15%&#8220; header_font_size_tablet=&#8220;55px&#8220; header_font_size_phone=&#8220;42px&#8220; header_font_size_last_edited=&#8220;on|phone&#8220; header_2_text_color_tablet=&#8220;#007C7A&#8220; header_2_text_color_phone=&#8220;#007C7A&#8220; header_2_text_color_last_edited=&#8220;on|phone&#8220; header_2_font_size_tablet=&#8220;76px&#8220; header_2_font_size_phone=&#8220;45px&#8220; header_2_font_size_last_edited=&#8220;on|phone&#8220; global_colors_info=&#8220;{}&#8220;]<\/p>\n<h1>Kieferorthop\u00e4die <\/h1>\n<p>[\/et_pb_text][et_pb_text _builder_version=&#8220;4.23.1&#8243; _module_preset=&#8220;default&#8220; text_font=&#8220;||||||||&#8220; text_font_size=&#8220;18px&#8220; text_line_height=&#8220;1.5em&#8220; width=&#8220;90%&#8220; width_tablet=&#8220;90%&#8220; width_phone=&#8220;100%&#8220; width_last_edited=&#8220;on|phone&#8220; custom_padding=&#8220;||10px||false|false&#8220; custom_padding_tablet=&#8220;||30px||false|false&#8220; custom_padding_phone=&#8220;||5px||false|false&#8220; custom_padding_last_edited=&#8220;on|phone&#8220; text_font_size_tablet=&#8220;18px&#8220; text_font_size_phone=&#8220;15px&#8220; text_font_size_last_edited=&#8220;on|phone&#8220; global_colors_info=&#8220;{}&#8220;]Die Kieferorthop\u00e4die ist ein klinischer Spezialzweig der Zahnmedizin, der sich mit dem Wachstum, der Entwicklung und der Pflege der Z\u00e4hne befasst und die Harmonie von Mund und Kiefer erreichen m\u00f6chte.[\/et_pb_text][dsm_button button_one_text=&#8220;Verfahren&#8220; button_one_url=&#8220;#equipment&#8220; button_two_text=&#8220;Jetzt buchen&#8220; button_two_url=&#8220;https:\/\/dental-implants-center.hr\/de\/kontakt\/&#8220; _builder_version=&#8220;4.23.1&#8243; _module_preset=&#8220;default&#8220; custom_button_one=&#8220;on&#8220; button_one_text_size=&#8220;16px&#8220; button_one_text_color=&#8220;#007C7A&#8220; button_one_bg_color=&#8220;#FFFFFF&#8220; button_one_border_color=&#8220;#007C7A&#8220; button_one_border_radius=&#8220;50px&#8220; button_one_font=&#8220;||||||||&#8220; button_one_use_icon=&#8220;off&#8220; button_one_custom_padding=&#8220;0.5vw|1.7vw|0.5vw|1.7vw|true|true&#8220; button_one_custom_padding_tablet=&#8220;0.5vw|1.7vw|0.5vw|1.7vw|true|true&#8220; button_one_custom_padding_phone=&#8220;8px|20px|8px|20px|true|true&#8220; button_one_custom_padding_last_edited=&#8220;on|phone&#8220; custom_button_two=&#8220;on&#8220; button_two_text_size=&#8220;16px&#8220; button_two_text_color=&#8220;#FFFFFF&#8220; button_two_bg_color=&#8220;#007C7A&#8220; button_two_border_color=&#8220;#007C7A&#8220; button_two_border_radius=&#8220;50px&#8220; button_two_use_icon=&#8220;off&#8220; button_two_custom_padding=&#8220;0.5vw|1.5vw|0.5vw|1.5vw|true|true&#8220; button_two_custom_padding_tablet=&#8220;0.5vw|1.5vw|0.5vw|1.5vw|true|true&#8220; button_two_custom_padding_phone=&#8220;8px|20px|8px|20px|true|true&#8220; button_two_custom_padding_last_edited=&#8220;on|phone&#8220; custom_padding=&#8220;15px||||false|false&#8220; custom_padding_tablet=&#8220;&#8220; custom_padding_phone=&#8220;||20px||false|false&#8220; custom_padding_last_edited=&#8220;on|phone&#8220; button_one_text_size_tablet=&#8220;16px&#8220; button_one_text_size_phone=&#8220;14px&#8220; button_one_text_size_last_edited=&#8220;on|phone&#8220; button_two_text_size_tablet=&#8220;16px&#8220; button_two_text_size_phone=&#8220;14px&#8220; button_two_text_size_last_edited=&#8220;on|phone&#8220; box_shadow_style_button_two=&#8220;preset1&#8243; global_colors_info=&#8220;{}&#8220; box_shadow_color_button_two__hover_enabled=&#8220;on|hover&#8220; box_shadow_color_button_two__hover=&#8220;#FFFFFF&#8220; box_shadow_blur_button_two__hover_enabled=&#8220;on|hover&#8220; box_shadow_blur_button_two__hover=&#8220;28px&#8220; button_one_bg_color__hover_enabled=&#8220;on|hover&#8220; button_one_bg_color__hover=&#8220;#007C7A&#8220; button_one_bg_enable_color__hover=&#8220;on&#8220; button_one_text_color__hover_enabled=&#8220;on|hover&#8220; button_one_text_color__hover=&#8220;#FFFFFF&#8220; button_two_bg_color__hover_enabled=&#8220;on|hover&#8220; button_two_bg_color__hover=&#8220;#98DAD9&#8243; button_two_bg_enable_color__hover=&#8220;on&#8220; button_two_text_color__hover_enabled=&#8220;on|hover&#8220; button_two_text_color__hover=&#8220;#007C7A&#8220;][\/dsm_button][\/et_pb_column][et_pb_column type=&#8220;1_2&#8243; _builder_version=&#8220;4.23.1&#8243; _module_preset=&#8220;default&#8220; custom_padding=&#8220;0%||||false|false&#8220; global_colors_info=&#8220;{}&#8220;][et_pb_image src=&#8220;https:\/\/dental-implants-center.hr\/wp-content\/uploads\/2024\/01\/Orthodontics-services-braces-croatia-dr.slivar.png&#8220; alt=&#8220;Zentrum f\u00fcr zahn\u00e4rztliche Radiologie und Diagnostik-Zahnimplantate Kroatien&#8220; title_text=&#8220;Kieferorthop\u00e4die Dienstleistungen Zahnspange kroatien-dr.slivar&#8220; _builder_version=&#8220;4.23.1&#8243; _module_preset=&#8220;default&#8220; global_colors_info=&#8220;{}&#8220;][\/et_pb_image][\/et_pb_column][\/et_pb_row][\/et_pb_section][et_pb_section fb_built=&#8220;1&#8243; custom_padding_last_edited=&#8220;on|phone&#8220; _builder_version=&#8220;4.23.1&#8243; _module_preset=&#8220;default&#8220; custom_padding=&#8220;||4%||false|false&#8220; custom_padding_tablet=&#8220;&#8220; custom_padding_phone=&#8220;20px||||false|false&#8220; global_colors_info=&#8220;{}&#8220;][et_pb_row column_structure=&#8220;1_2,1_2&#8243; custom_padding_last_edited=&#8220;on|phone&#8220; _builder_version=&#8220;4.23.1&#8243; _module_preset=&#8220;default&#8220; width_tablet=&#8220;&#8220; width_phone=&#8220;90%&#8220; width_last_edited=&#8220;on|phone&#8220; custom_margin=&#8220;||0px||false|false&#8220; custom_padding=&#8220;0px||15px||false|false&#8220; custom_padding_tablet=&#8220;||15px||false|false&#8220; custom_padding_phone=&#8220;0px||||false|false&#8220; animation_style=&#8220;slide&#8220; animation_direction=&#8220;left&#8220; animation_duration=&#8220;1500ms&#8220; animation_intensity_slide=&#8220;15%&#8220; global_colors_info=&#8220;{}&#8220;][et_pb_column type=&#8220;1_2&#8243; _builder_version=&#8220;4.23.1&#8243; _module_preset=&#8220;default&#8220; background_color=&#8220;#98DAD9&#8243; custom_padding=&#8220;3%|3%|3%|3%|true|true&#8220; custom_padding_tablet=&#8220;40px|40px|40px|40px|false|true&#8220; custom_padding_phone=&#8220;30px|30px|30px|30px|true|true&#8220; custom_padding_last_edited=&#8220;on|tablet&#8220; border_radii=&#8220;on|15px|15px|15px|15px&#8220; global_colors_info=&#8220;{}&#8220;][et_pb_text module_id=&#8220;equipment&#8220; _builder_version=&#8220;4.23.1&#8243; _module_preset=&#8220;default&#8220; header_3_font=&#8220;|700|||||||&#8220; header_3_text_align=&#8220;left&#8220; header_3_text_color=&#8220;#007C7A&#8220; header_3_font_size=&#8220;45px&#8220; header_3_line_height=&#8220;1.2em&#8220; custom_margin=&#8220;||10px||false|false&#8220; header_3_font_size_tablet=&#8220;35px&#8220; header_3_font_size_phone=&#8220;28px&#8220; header_3_font_size_last_edited=&#8220;on|phone&#8220; locked=&#8220;off&#8220; global_colors_info=&#8220;{}&#8220;]<\/p>\n<h3>Ziele der Kieferorthop\u00e4die<\/h3>\n<p>[\/et_pb_text][et_pb_divider color=&#8220;#EDECE3&#8243; divider_weight=&#8220;2px&#8220; _builder_version=&#8220;4.23.1&#8243; _module_preset=&#8220;default&#8220; width=&#8220;35%&#8220; width_tablet=&#8220;60%&#8220; width_phone=&#8220;100%&#8220; width_last_edited=&#8220;on|phone&#8220; custom_margin=&#8220;||0px||false|false&#8220; custom_padding=&#8220;||0px||false|false&#8220; global_colors_info=&#8220;{}&#8220;][\/et_pb_divider][et_pb_text _builder_version=&#8220;4.23.1&#8243; _module_preset=&#8220;default&#8220; text_font=&#8220;||||||||&#8220; text_text_color=&#8220;#3c3c3c&#8220; text_font_size=&#8220;16px&#8220; text_line_height=&#8220;1.8em&#8220; width=&#8220;100%&#8220; width_tablet=&#8220;100%&#8220; width_phone=&#8220;100%&#8220; width_last_edited=&#8220;on|phone&#8220; module_alignment=&#8220;left&#8220; custom_margin=&#8220;||||false|false&#8220; text_font_size_tablet=&#8220;16px&#8220; text_font_size_phone=&#8220;15px&#8220; text_font_size_last_edited=&#8220;on|phone&#8220; locked=&#8220;off&#8220; global_colors_info=&#8220;{}&#8220;]Das Hauptziel der kieferorthop\u00e4dischen Behandlung besteht darin, die Ausrichtung der Z\u00e4hne zu verbessern, Bissprobleme zu korrigieren und insgesamt die Mund- und Kiefergesundheit zu f\u00f6rdern. Kieferorthop\u00e4dische Verfahren beinhalten oft die Verwendung von Zahnspangen, Alignern und anderen Vorrichtungen, um die Z\u00e4hne allm\u00e4hlich in ihre richtigen Positionen zu bewegen.[\/et_pb_text][et_pb_button button_url=&#8220;https:\/\/dental-implants-center.hr\/de\/kontakt\/&#8220; button_text=&#8220;Senden Sie uns eine Nachricht&#8220; button_alignment=&#8220;right&#8220; _builder_version=&#8220;4.23.1&#8243; _module_preset=&#8220;default&#8220; custom_button=&#8220;on&#8220; button_text_size=&#8220;16px&#8220; button_text_color=&#8220;#FFFFFF&#8220; button_bg_color=&#8220;#007C7A&#8220; button_border_width=&#8220;2px&#8220; button_border_color=&#8220;#007C7A&#8220; button_border_radius=&#8220;50px&#8220; button_use_icon=&#8220;off&#8220; global_colors_info=&#8220;{}&#8220; button_bg_color__hover_enabled=&#8220;on|hover&#8220; button_bg_color__hover=&#8220;#98DAD9&#8243; button_bg_enable_color__hover=&#8220;on&#8220;][\/et_pb_button][\/et_pb_column][et_pb_column type=&#8220;1_2&#8243; _builder_version=&#8220;4.23.1&#8243; _module_preset=&#8220;default&#8220; custom_padding=&#8220;20px||||false|false&#8220; global_colors_info=&#8220;{}&#8220;][et_pb_image src=&#8220;https:\/\/dental-implants-center.hr\/wp-content\/uploads\/2024\/01\/icon-007.png&#8220; alt=&#8220;3D-Zahnabdruck-Gleichentags-Zahnersatz-Symbol&#8220; title_text=&#8220;icon-007&#8243; _builder_version=&#8220;4.23.1&#8243; _module_preset=&#8220;default&#8220; width=&#8220;90px&#8220; width_tablet=&#8220;85px&#8220; width_phone=&#8220;70px&#8220; width_last_edited=&#8220;on|phone&#8220; custom_margin=&#8220;||0px||false|false&#8220; custom_padding=&#8220;||20px||false|false&#8220; module_alignment_tablet=&#8220;&#8220; module_alignment_phone=&#8220;center&#8220; module_alignment_last_edited=&#8220;on|phone&#8220; global_colors_info=&#8220;{}&#8220;][\/et_pb_image][et_pb_blurb title=&#8220;Zahnspangen&#8220; use_icon=&#8220;on&#8220; font_icon=&#8220;&#x24;||divi||400&#8243; image_icon_background_color=&#8220;#EDECE3&#8243; icon_placement=&#8220;left&#8220; image_icon_width=&#8220;16px&#8220; _builder_version=&#8220;4.23.1&#8243; _module_preset=&#8220;default&#8220; header_font=&#8220;|700|||||||&#8220; header_text_color=&#8220;#353535&#8243; header_font_size=&#8220;22px&#8220; body_text_color=&#8220;#353535&#8243; body_font_size=&#8220;16px&#8220; custom_margin=&#8220;||0px||false|false&#8220; custom_padding=&#8220;||20px||false|false&#8220; body_font_size_tablet=&#8220;16px&#8220; body_font_size_phone=&#8220;15px&#8220; body_font_size_last_edited=&#8220;on|phone&#8220; border_radii_image=&#8220;on|50px|50px|50px|50px&#8220; border_width_all_image=&#8220;4px&#8220; border_color_all_image=&#8220;#EDECE3&#8243; global_colors_info=&#8220;{}&#8220;]<\/p>\n<p>Zahnspangen sind eine traditionelle kieferorthop\u00e4dische Behandlung, die Metallklammern, Dr\u00e4hte und B\u00e4nder verwendet, um sanften Druck auf die Z\u00e4hne auszu\u00fcben und sie in die gew\u00fcnschten Positionen zu f\u00fchren.<\/p>\n<p>[\/et_pb_blurb][et_pb_blurb title=&#8220;Transparente Aligner&#8220; use_icon=&#8220;on&#8220; font_icon=&#8220;&#x24;||divi||400&#8243; image_icon_background_color=&#8220;#EDECE3&#8243; icon_placement=&#8220;left&#8220; image_icon_width=&#8220;16px&#8220; _builder_version=&#8220;4.23.1&#8243; _module_preset=&#8220;default&#8220; header_font=&#8220;|700|||||||&#8220; header_text_color=&#8220;#353535&#8243; header_font_size=&#8220;22px&#8220; body_text_color=&#8220;#353535&#8243; body_font_size=&#8220;16px&#8220; custom_margin=&#8220;||0px||false|false&#8220; custom_padding=&#8220;||20px||false|false&#8220; body_font_size_tablet=&#8220;16px&#8220; body_font_size_phone=&#8220;15px&#8220; body_font_size_last_edited=&#8220;on|phone&#8220; border_radii_image=&#8220;on|50px|50px|50px|50px&#8220; border_width_all_image=&#8220;4px&#8220; border_color_all_image=&#8220;#EDECE3&#8243; global_colors_info=&#8220;{}&#8220;]Transparente Aligner sind eine diskretere Alternative zu herk\u00f6mmlichen Zahnspangen. Sie bestehen aus ma\u00dfgefertigten, klaren Kunststoffschalen, die die Z\u00e4hne allm\u00e4hlich in die gew\u00fcnschten Positionen verschieben.[\/et_pb_blurb][et_pb_blurb title=&#8220;Retention&#8220; use_icon=&#8220;on&#8220; font_icon=&#8220;&#x24;||divi||400&#8243; image_icon_background_color=&#8220;#EDECE3&#8243; icon_placement=&#8220;left&#8220; image_icon_width=&#8220;16px&#8220; _builder_version=&#8220;4.23.1&#8243; _module_preset=&#8220;default&#8220; header_font=&#8220;|700|||||||&#8220; header_text_color=&#8220;#353535&#8243; header_font_size=&#8220;22px&#8220; body_text_color=&#8220;#353535&#8243; body_font_size=&#8220;16px&#8220; custom_margin=&#8220;||0px||false|false&#8220; custom_padding=&#8220;||20px||false|false&#8220; body_font_size_tablet=&#8220;16px&#8220; body_font_size_phone=&#8220;15px&#8220; body_font_size_last_edited=&#8220;on|phone&#8220; border_radii_image=&#8220;on|50px|50px|50px|50px&#8220; border_width_all_image=&#8220;4px&#8220; border_color_all_image=&#8220;#EDECE3&#8243; global_colors_info=&#8220;{}&#8220;]Retention ist eine entscheidende Phase nach abgeschlossener kieferorthop\u00e4discher Behandlung, um die erzielten Ergebnisse zu erhalten.[\/et_pb_blurb][\/et_pb_column][\/et_pb_row][et_pb_row _builder_version=&#8220;4.23.1&#8243; _module_preset=&#8220;default&#8220; global_colors_info=&#8220;{}&#8220;][et_pb_column type=&#8220;4_4&#8243; _builder_version=&#8220;4.23.1&#8243; _module_preset=&#8220;default&#8220; global_colors_info=&#8220;{}&#8220;][et_pb_button button_url=&#8220;https:\/\/dental-implants-center.hr\/de\/kontakt\/&#8220; button_text=&#8220;Kontaktieren Sie uns noch heute&#8220; button_alignment=&#8220;center&#8220; _builder_version=&#8220;4.23.1&#8243; _module_preset=&#8220;default&#8220; custom_button=&#8220;on&#8220; button_text_size=&#8220;16px&#8220; button_text_color=&#8220;#FFFFFF&#8220; button_bg_color=&#8220;#007C7A&#8220; button_border_width=&#8220;2px&#8220; button_border_color=&#8220;#007C7A&#8220; button_border_radius=&#8220;50px&#8220; button_use_icon=&#8220;off&#8220; global_colors_info=&#8220;{}&#8220; button_bg_color__hover_enabled=&#8220;on|hover&#8220; button_bg_color__hover=&#8220;#98DAD9&#8243; button_bg_enable_color__hover=&#8220;on&#8220;][\/et_pb_button][\/et_pb_column][\/et_pb_row][\/et_pb_section]<\/p>\n","protected":false},"excerpt":{"rendered":"<p>Zahnregulierung f\u00fcr gerade Z\u00e4hneKieferorthop\u00e4die Die Kieferorthop\u00e4die ist ein klinischer Spezialzweig der Zahnmedizin, der sich mit dem Wachstum, der Entwicklung und der Pflege der Z\u00e4hne befasst und die Harmonie von Mund und Kiefer erreichen m\u00f6chte.<div class=\"et_pb_module dsm_button dsm_button_0 et_pb_bg_layout_light\">\n\t\t\t\t\n\t\t\t\t\n\t\t\t\t\n\t\t\t\t\n\t\t\t\t\n\t\t\t\t\n\t\t\t\t<div class=\"et_pb_module_inner\">\n\t\t\t\t\t<div class=\"et_pb_button_module_wrappers dsm_button_0_wrapper  et_pb_module\">\n\t\t\t\t<a class=\"et_pb_button et_pb_button_one et_pb_bg_layout_light dsm-none \"  href=http:\/\/&#8220;#equipment&#8220; data-dsm-lightbox-id=\"dsm_button_one_lightbox dsm_button_0\"><span>&#8220;Verfahren&#8220;<\/span><\/a><a class=\"et_pb_button et_pb_button_two et_pb_bg_layout_light dsm-none \"  data-dsm-lightbox-id=\"dsm_button_two_lightbox dsm_button_0\"><span>&#8220;Jetzt<\/span><\/a>\n\t\t\t<\/div>\n\t\t\t\t<\/div>\n\t\t\t<\/div><\/p>\n","protected":false},"author":2,"featured_media":0,"parent":0,"menu_order":0,"comment_status":"closed","ping_status":"closed","template":"","meta":{"_et_pb_use_builder":"on","_et_pb_old_content":"","_et_gb_content_width":"","footnotes":""},"class_list":["post-263381","page","type-page","status-publish","hentry"],"yoast_head":"<!-- This site is optimized with the Yoast SEO plugin v27.1.1 - https:\/\/yoast.com\/product\/yoast-seo-wordpress\/ -->\n<title>Kieferorthop\u00e4de Kroatien - Feste und Mobile Kieferorthop\u00e4die<\/title>\n<meta name=\"description\" content=\"Zahnregulierung f\u00fcr gerade Z\u00e4hne - Kieferorthop\u00e4de. Das Hauptziel der kieferorthop\u00e4dischen Behandlung besteht darin\" \/>\n<meta name=\"robots\" content=\"index, follow, max-snippet:-1, max-image-preview:large, max-video-preview:-1\" \/>\n<link rel=\"canonical\" href=\"https:\/\/dental-implants-center.hr\/de\/kieferorthopaede-kroatien\/\" \/>\n<meta property=\"og:locale\" content=\"de_DE\" \/>\n<meta property=\"og:type\" content=\"article\" \/>\n<meta property=\"og:title\" content=\"Kieferorthop\u00e4de Kroatien - Feste und Mobile Kieferorthop\u00e4die\" \/>\n<meta property=\"og:description\" content=\"Zahnregulierung f\u00fcr gerade Z\u00e4hne - Kieferorthop\u00e4de. Das Hauptziel der kieferorthop\u00e4dischen Behandlung besteht darin\" \/>\n<meta property=\"og:url\" content=\"https:\/\/dental-implants-center.hr\/de\/kieferorthopaede-kroatien\/\" \/>\n<meta property=\"og:site_name\" content=\"Dental Implants Center dr. Goran Slivar\" \/>\n<meta property=\"article:publisher\" content=\"https:\/\/www.facebook.com\/dentaltourismhr\" \/>\n<meta property=\"article:modified_time\" content=\"2024-02-20T09:23:30+00:00\" \/>\n<meta name=\"twitter:card\" content=\"summary_large_image\" \/>\n<meta name=\"twitter:label1\" content=\"Gesch\u00e4tzte Lesezeit\" \/>\n\t<meta name=\"twitter:data1\" content=\"2\u00a0Minuten\" \/>\n<script type=\"application\/ld+json\" class=\"yoast-schema-graph\">{\"@context\":\"https:\/\/schema.org\",\"@graph\":[{\"@type\":\"WebPage\",\"@id\":\"https:\/\/dental-implants-center.hr\/de\/kieferorthopaede-kroatien\/\",\"url\":\"https:\/\/dental-implants-center.hr\/de\/kieferorthopaede-kroatien\/\",\"name\":\"Kieferorthop\u00e4de Kroatien - Feste und Mobile Kieferorthop\u00e4die\",\"isPartOf\":{\"@id\":\"https:\/\/dental-implants-center.hr\/de\/#website\"},\"datePublished\":\"2024-01-02T10:03:35+00:00\",\"dateModified\":\"2024-02-20T09:23:30+00:00\",\"description\":\"Zahnregulierung f\u00fcr gerade Z\u00e4hne - Kieferorthop\u00e4de. Das Hauptziel der kieferorthop\u00e4dischen Behandlung besteht darin\",\"breadcrumb\":{\"@id\":\"https:\/\/dental-implants-center.hr\/de\/kieferorthopaede-kroatien\/#breadcrumb\"},\"inLanguage\":\"de\",\"potentialAction\":[{\"@type\":\"ReadAction\",\"target\":[\"https:\/\/dental-implants-center.hr\/de\/kieferorthopaede-kroatien\/\"]}]},{\"@type\":\"BreadcrumbList\",\"@id\":\"https:\/\/dental-implants-center.hr\/de\/kieferorthopaede-kroatien\/#breadcrumb\",\"itemListElement\":[{\"@type\":\"ListItem\",\"position\":1,\"name\":\"Home\",\"item\":\"https:\/\/dental-implants-center.hr\/de\/\"},{\"@type\":\"ListItem\",\"position\":2,\"name\":\"Kieferorthop\u00e4de Kroatien\"}]},{\"@type\":\"WebSite\",\"@id\":\"https:\/\/dental-implants-center.hr\/de\/#website\",\"url\":\"https:\/\/dental-implants-center.hr\/de\/\",\"name\":\"Dental Implants Center dr. Goran Slivar\",\"description\":\"Concierge Stomatolog | Straumann Implantati | 3shape TRIOS 6 | coDiagnostix\",\"potentialAction\":[{\"@type\":\"SearchAction\",\"target\":{\"@type\":\"EntryPoint\",\"urlTemplate\":\"https:\/\/dental-implants-center.hr\/de\/?s={search_term_string}\"},\"query-input\":{\"@type\":\"PropertyValueSpecification\",\"valueRequired\":true,\"valueName\":\"search_term_string\"}}],\"inLanguage\":\"de\"}]}<\/script>\n<!-- \/ Yoast SEO plugin. -->","yoast_head_json":{"title":"Kieferorthop\u00e4de Kroatien - Feste und Mobile Kieferorthop\u00e4die","description":"Zahnregulierung f\u00fcr gerade Z\u00e4hne - Kieferorthop\u00e4de. Das Hauptziel der kieferorthop\u00e4dischen Behandlung besteht darin","robots":{"index":"index","follow":"follow","max-snippet":"max-snippet:-1","max-image-preview":"max-image-preview:large","max-video-preview":"max-video-preview:-1"},"canonical":"https:\/\/dental-implants-center.hr\/de\/kieferorthopaede-kroatien\/","og_locale":"de_DE","og_type":"article","og_title":"Kieferorthop\u00e4de Kroatien - Feste und Mobile Kieferorthop\u00e4die","og_description":"Zahnregulierung f\u00fcr gerade Z\u00e4hne - Kieferorthop\u00e4de. Das Hauptziel der kieferorthop\u00e4dischen Behandlung besteht darin","og_url":"https:\/\/dental-implants-center.hr\/de\/kieferorthopaede-kroatien\/","og_site_name":"Dental Implants Center dr. Goran Slivar","article_publisher":"https:\/\/www.facebook.com\/dentaltourismhr","article_modified_time":"2024-02-20T09:23:30+00:00","twitter_card":"summary_large_image","twitter_misc":{"Gesch\u00e4tzte Lesezeit":"2\u00a0Minuten"},"schema":{"@context":"https:\/\/schema.org","@graph":[{"@type":"WebPage","@id":"https:\/\/dental-implants-center.hr\/de\/kieferorthopaede-kroatien\/","url":"https:\/\/dental-implants-center.hr\/de\/kieferorthopaede-kroatien\/","name":"Kieferorthop\u00e4de Kroatien - Feste und Mobile Kieferorthop\u00e4die","isPartOf":{"@id":"https:\/\/dental-implants-center.hr\/de\/#website"},"datePublished":"2024-01-02T10:03:35+00:00","dateModified":"2024-02-20T09:23:30+00:00","description":"Zahnregulierung f\u00fcr gerade Z\u00e4hne - Kieferorthop\u00e4de. Das Hauptziel der kieferorthop\u00e4dischen Behandlung besteht darin","breadcrumb":{"@id":"https:\/\/dental-implants-center.hr\/de\/kieferorthopaede-kroatien\/#breadcrumb"},"inLanguage":"de","potentialAction":[{"@type":"ReadAction","target":["https:\/\/dental-implants-center.hr\/de\/kieferorthopaede-kroatien\/"]}]},{"@type":"BreadcrumbList","@id":"https:\/\/dental-implants-center.hr\/de\/kieferorthopaede-kroatien\/#breadcrumb","itemListElement":[{"@type":"ListItem","position":1,"name":"Home","item":"https:\/\/dental-implants-center.hr\/de\/"},{"@type":"ListItem","position":2,"name":"Kieferorthop\u00e4de Kroatien"}]},{"@type":"WebSite","@id":"https:\/\/dental-implants-center.hr\/de\/#website","url":"https:\/\/dental-implants-center.hr\/de\/","name":"Dental Implants Center dr. Goran Slivar","description":"Concierge Stomatolog | Straumann Implantati | 3shape TRIOS 6 | coDiagnostix","potentialAction":[{"@type":"SearchAction","target":{"@type":"EntryPoint","urlTemplate":"https:\/\/dental-implants-center.hr\/de\/?s={search_term_string}"},"query-input":{"@type":"PropertyValueSpecification","valueRequired":true,"valueName":"search_term_string"}}],"inLanguage":"de"}]}},"_links":{"self":[{"href":"https:\/\/dental-implants-center.hr\/de\/wp-json\/wp\/v2\/pages\/263381","targetHints":{"allow":["GET"]}}],"collection":[{"href":"https:\/\/dental-implants-center.hr\/de\/wp-json\/wp\/v2\/pages"}],"about":[{"href":"https:\/\/dental-implants-center.hr\/de\/wp-json\/wp\/v2\/types\/page"}],"author":[{"embeddable":true,"href":"https:\/\/dental-implants-center.hr\/de\/wp-json\/wp\/v2\/users\/2"}],"replies":[{"embeddable":true,"href":"https:\/\/dental-implants-center.hr\/de\/wp-json\/wp\/v2\/comments?post=263381"}],"version-history":[{"count":6,"href":"https:\/\/dental-implants-center.hr\/de\/wp-json\/wp\/v2\/pages\/263381\/revisions"}],"predecessor-version":[{"id":263953,"href":"https:\/\/dental-implants-center.hr\/de\/wp-json\/wp\/v2\/pages\/263381\/revisions\/263953"}],"wp:attachment":[{"href":"https:\/\/dental-implants-center.hr\/de\/wp-json\/wp\/v2\/media?parent=263381"}],"curies":[{"name":"wp","href":"https:\/\/api.w.org\/{rel}","templated":true}]}}