{"id":263547,"date":"2024-01-02T12:03:35","date_gmt":"2024-01-02T10:03:35","guid":{"rendered":"https:\/\/dental-implants-center.hr\/ortodont-hrvaska\/"},"modified":"2026-03-07T16:23:18","modified_gmt":"2026-03-07T14:23:18","slug":"ortodontija","status":"publish","type":"page","link":"https:\/\/dental-implants-center.hr\/sl\/ortodontija\/","title":{"rendered":"Ortodontija"},"content":{"rendered":"<p>[et_pb_section fb_built=&#8221;1&#8243; next_background_color=&#8221;#ffffff&#8221; _builder_version=&#8221;4.23.1&#8243; _module_preset=&#8221;default&#8221; use_background_color_gradient=&#8221;on&#8221; background_color_gradient_repeat=&#8221;on&#8221; background_color_gradient_direction=&#8221;122deg&#8221; background_color_gradient_stops=&#8221;#ffffff 0%|rgba(255,255,255,0.84) 37%|rgba(237,236,227,0.55) 99%&#8221; background_color_gradient_overlays_image=&#8221;on&#8221; background_enable_image=&#8221;off&#8221; custom_margin=&#8221;0px||0px||false|false&#8221; custom_padding=&#8221;1%||5%||false|false&#8221; bottom_divider_style=&#8221;curve&#8221; bottom_divider_height=&#8221;40px&#8221; global_colors_info=&#8221;{}&#8221;][et_pb_row column_structure=&#8221;1_2,1_2&#8243; use_custom_gutter=&#8221;on&#8221; gutter_width=&#8221;1&#8243; _builder_version=&#8221;4.23.1&#8243; _module_preset=&#8221;default&#8221; width_tablet=&#8221;&#8221; width_phone=&#8221;90%&#8221; width_last_edited=&#8221;on|phone&#8221; custom_margin=&#8221;||0px||false|false&#8221; custom_padding=&#8221;||0px||false|false&#8221; global_colors_info=&#8221;{}&#8221;][et_pb_column type=&#8221;1_2&#8243; _builder_version=&#8221;4.23.1&#8243; _module_preset=&#8221;default&#8221; custom_padding=&#8221;2%||||false|false&#8221; global_colors_info=&#8221;{}&#8221;][et_pb_text _builder_version=&#8221;4.23.1&#8243; _module_preset=&#8221;default&#8221; header_font=&#8221;DM Sans|700|||||||&#8221; header_text_color=&#8221;#007C7A&#8221; header_font_size=&#8221;18px&#8221; header_2_font=&#8221;EB Garamond|600|||||||&#8221; header_2_font_size=&#8221;20px&#8221; header_3_font=&#8221;DM Sans|700|||||||&#8221; header_3_text_color=&#8221;#007C7A&#8221; header_3_font_size=&#8221;18px&#8221; header_3_line_height=&#8221;1.3em&#8221; custom_padding=&#8221;||20px||false|false&#8221; custom_padding_tablet=&#8221;||20px||false|false&#8221; custom_padding_phone=&#8221;||5px||false|false&#8221; custom_padding_last_edited=&#8221;on|phone&#8221; text_line_height_tablet=&#8221;&#8221; text_line_height_phone=&#8221;1.8em&#8221; text_line_height_last_edited=&#8221;on|phone&#8221; header_line_height_tablet=&#8221;&#8221; header_line_height_phone=&#8221;1.3em&#8221; header_line_height_last_edited=&#8221;on|phone&#8221; global_colors_info=&#8221;{}&#8221;]<\/p>\n<h3>Izravnajte Zobe<\/h3>\n<p>[\/et_pb_text][et_pb_divider color=&#8221;#98DAD9&#8243; divider_weight=&#8221;2px&#8221; _builder_version=&#8221;4.23.1&#8243; _module_preset=&#8221;default&#8221; width=&#8221;60%&#8221; width_tablet=&#8221;60%&#8221; width_phone=&#8221;100%&#8221; width_last_edited=&#8221;on|phone&#8221; custom_margin=&#8221;||0px||false|false&#8221; custom_padding=&#8221;||0px||false|false&#8221; global_colors_info=&#8221;{}&#8221;][\/et_pb_divider][et_pb_text _builder_version=&#8221;4.23.1&#8243; _module_preset=&#8221;default&#8221; text_font=&#8221;|700|||||||&#8221; text_text_color=&#8221;#007C7A&#8221; text_font_size=&#8221;18px&#8221; text_line_height=&#8221;2em&#8221; header_font=&#8221;Cormorant Garamond|600|||||||&#8221; header_text_color=&#8221;#007C7A&#8221; header_font_size=&#8221;76px&#8221; header_2_font=&#8221;Cormorant Garamond|700|||||||&#8221; header_2_text_color=&#8221;#007C7A&#8221; header_2_font_size=&#8221;76px&#8221; custom_margin=&#8221;||0px||false|false&#8221; custom_margin_tablet=&#8221;||0px||false|false&#8221; custom_margin_phone=&#8221;-6px||||false|false&#8221; custom_margin_last_edited=&#8221;on|phone&#8221; custom_padding=&#8221;||10px||false|false&#8221; animation_style=&#8221;slide&#8221; animation_duration=&#8221;1500ms&#8221; animation_intensity_slide=&#8221;15%&#8221; header_font_size_tablet=&#8221;55px&#8221; header_font_size_phone=&#8221;42px&#8221; header_font_size_last_edited=&#8221;on|phone&#8221; header_2_text_color_tablet=&#8221;#007C7A&#8221; header_2_text_color_phone=&#8221;#007C7A&#8221; header_2_text_color_last_edited=&#8221;on|phone&#8221; header_2_font_size_tablet=&#8221;76px&#8221; header_2_font_size_phone=&#8221;45px&#8221; header_2_font_size_last_edited=&#8221;on|phone&#8221; global_colors_info=&#8221;{}&#8221;]<\/p>\n<h1>Ortodontija <\/h1>\n<p>[\/et_pb_text][et_pb_text _builder_version=&#8221;4.23.1&#8243; _module_preset=&#8221;default&#8221; text_font=&#8221;||||||||&#8221; text_font_size=&#8221;18px&#8221; text_line_height=&#8221;1.5em&#8221; width=&#8221;90%&#8221; width_tablet=&#8221;90%&#8221; width_phone=&#8221;100%&#8221; width_last_edited=&#8221;on|phone&#8221; custom_padding=&#8221;||10px||false|false&#8221; custom_padding_tablet=&#8221;||30px||false|false&#8221; custom_padding_phone=&#8221;||5px||false|false&#8221; custom_padding_last_edited=&#8221;on|phone&#8221; text_font_size_tablet=&#8221;18px&#8221; text_font_size_phone=&#8221;15px&#8221; text_font_size_last_edited=&#8221;on|phone&#8221; global_colors_info=&#8221;{}&#8221;]Ortodontija je klini\u010dna specialisti\u010dna veja zobozdravstva, ki se ukvarja z rastjo, razvojem in vzdr\u017eevanjem zob ter doseganjem harmonije ust in \u010deljusti.[\/et_pb_text][dsm_button button_one_text=&#8221;POSTOPEK&#8221; button_one_url=&#8221;#equipment&#8221; button_two_text=&#8221;REZERVIRAJTE ZDAJ&#8221; button_two_url=&#8221;https:\/\/dental-implants-center.hr\/sl\/kontakt\/&#8221; button_two_url_new_window=&#8221;on&#8221; _builder_version=&#8221;4.27.6&#8243; _module_preset=&#8221;default&#8221; custom_button_one=&#8221;on&#8221; button_one_text_size=&#8221;16px&#8221; button_one_text_color=&#8221;#007C7A&#8221; button_one_bg_color=&#8221;#FFFFFF&#8221; button_one_border_color=&#8221;#007C7A&#8221; button_one_border_radius=&#8221;50px&#8221; button_one_font=&#8221;||||||||&#8221; button_one_use_icon=&#8221;off&#8221; button_one_custom_padding=&#8221;0.5vw|1.7vw|0.5vw|1.7vw|true|true&#8221; button_one_custom_padding_tablet=&#8221;0.5vw|1.7vw|0.5vw|1.7vw|true|true&#8221; button_one_custom_padding_phone=&#8221;8px|20px|8px|20px|true|true&#8221; button_one_custom_padding_last_edited=&#8221;on|phone&#8221; custom_button_two=&#8221;on&#8221; button_two_text_size=&#8221;16px&#8221; button_two_text_color=&#8221;#FFFFFF&#8221; button_two_bg_color=&#8221;#007C7A&#8221; button_two_border_color=&#8221;#007C7A&#8221; button_two_border_radius=&#8221;50px&#8221; button_two_use_icon=&#8221;off&#8221; button_two_custom_padding=&#8221;0.5vw|1.5vw|0.5vw|1.5vw|true|true&#8221; button_two_custom_padding_tablet=&#8221;0.5vw|1.5vw|0.5vw|1.5vw|true|true&#8221; button_two_custom_padding_phone=&#8221;8px|20px|8px|20px|true|true&#8221; button_two_custom_padding_last_edited=&#8221;on|phone&#8221; custom_padding=&#8221;15px||||false|false&#8221; custom_padding_tablet=&#8221;&#8221; custom_padding_phone=&#8221;||20px||false|false&#8221; custom_padding_last_edited=&#8221;on|phone&#8221; hover_enabled=&#8221;0&#8243; button_one_text_size_tablet=&#8221;16px&#8221; button_one_text_size_phone=&#8221;14px&#8221; button_one_text_size_last_edited=&#8221;on|phone&#8221; button_two_text_size_tablet=&#8221;16px&#8221; button_two_text_size_phone=&#8221;14px&#8221; button_two_text_size_last_edited=&#8221;on|phone&#8221; box_shadow_style_button_two=&#8221;preset1&#8243; global_colors_info=&#8221;{}&#8221; box_shadow_color_button_two__hover_enabled=&#8221;on|hover&#8221; box_shadow_color_button_two__hover=&#8221;#FFFFFF&#8221; box_shadow_blur_button_two__hover_enabled=&#8221;on|hover&#8221; box_shadow_blur_button_two__hover=&#8221;28px&#8221; button_one_bg_color__hover_enabled=&#8221;on|hover&#8221; button_one_bg_color__hover=&#8221;#007C7A&#8221; button_one_bg_enable_color__hover=&#8221;on&#8221; button_one_text_color__hover_enabled=&#8221;on|hover&#8221; button_one_text_color__hover=&#8221;#FFFFFF&#8221; button_two_bg_color__hover_enabled=&#8221;on|hover&#8221; button_two_bg_color__hover=&#8221;#98DAD9&#8243; button_two_bg_enable_color__hover=&#8221;on&#8221; button_two_text_color__hover_enabled=&#8221;on|hover&#8221; button_two_text_color__hover=&#8221;#007C7A&#8221; sticky_enabled=&#8221;0&#8243;][\/dsm_button][\/et_pb_column][et_pb_column type=&#8221;1_2&#8243; _builder_version=&#8221;4.23.1&#8243; _module_preset=&#8221;default&#8221; custom_padding=&#8221;0%||||false|false&#8221; global_colors_info=&#8221;{}&#8221;][et_pb_image src=&#8221;https:\/\/dental-implants-center.hr\/wp-content\/uploads\/2024\/01\/Orthodontics-services-braces-croatia-dr.slivar.png&#8221; alt=&#8221;Zobozdravstvena radiologija in diagnostika-Dental Implants center Hrva\u0161ka&#8221; title_text=&#8221;Ortodontske storitve ortodontski aparat Hrva\u0161ka-dr.slivar&#8221; _builder_version=&#8221;4.23.1&#8243; _module_preset=&#8221;default&#8221; global_colors_info=&#8221;{}&#8221;][\/et_pb_image][\/et_pb_column][\/et_pb_row][\/et_pb_section][et_pb_section fb_built=&#8221;1&#8243; custom_padding_last_edited=&#8221;on|phone&#8221; _builder_version=&#8221;4.23.1&#8243; _module_preset=&#8221;default&#8221; custom_padding=&#8221;||4%||false|false&#8221; custom_padding_tablet=&#8221;&#8221; custom_padding_phone=&#8221;20px||||false|false&#8221; global_colors_info=&#8221;{}&#8221;][et_pb_row column_structure=&#8221;1_2,1_2&#8243; custom_padding_last_edited=&#8221;on|phone&#8221; _builder_version=&#8221;4.23.1&#8243; _module_preset=&#8221;default&#8221; width_tablet=&#8221;&#8221; width_phone=&#8221;90%&#8221; width_last_edited=&#8221;on|phone&#8221; custom_margin=&#8221;||0px||false|false&#8221; custom_padding=&#8221;0px||15px||false|false&#8221; custom_padding_tablet=&#8221;||15px||false|false&#8221; custom_padding_phone=&#8221;0px||||false|false&#8221; animation_style=&#8221;slide&#8221; animation_direction=&#8221;left&#8221; animation_duration=&#8221;1500ms&#8221; animation_intensity_slide=&#8221;15%&#8221; global_colors_info=&#8221;{}&#8221;][et_pb_column type=&#8221;1_2&#8243; _builder_version=&#8221;4.23.1&#8243; _module_preset=&#8221;default&#8221; background_color=&#8221;#98DAD9&#8243; custom_padding=&#8221;3%|3%|3%|3%|true|true&#8221; custom_padding_tablet=&#8221;40px|40px|40px|40px|false|true&#8221; custom_padding_phone=&#8221;30px|30px|30px|30px|true|true&#8221; custom_padding_last_edited=&#8221;on|tablet&#8221; border_radii=&#8221;on|15px|15px|15px|15px&#8221; global_colors_info=&#8221;{}&#8221;][et_pb_text module_id=&#8221;equipment&#8221; _builder_version=&#8221;4.27.6&#8243; _module_preset=&#8221;default&#8221; header_3_font=&#8221;|700|||||||&#8221; header_3_text_align=&#8221;left&#8221; header_3_text_color=&#8221;#007C7A&#8221; header_3_font_size=&#8221;45px&#8221; header_3_line_height=&#8221;1.2em&#8221; custom_margin=&#8221;||10px||false|false&#8221; header_3_font_size_tablet=&#8221;35px&#8221; header_3_font_size_phone=&#8221;28px&#8221; header_3_font_size_last_edited=&#8221;on|phone&#8221; locked=&#8221;off&#8221; global_colors_info=&#8221;{}&#8221;]<\/p>\n<h3>Cilji Ortodontije<\/h3>\n<p>[\/et_pb_text][et_pb_divider color=&#8221;#EDECE3&#8243; divider_weight=&#8221;2px&#8221; _builder_version=&#8221;4.23.1&#8243; _module_preset=&#8221;default&#8221; width=&#8221;35%&#8221; width_tablet=&#8221;60%&#8221; width_phone=&#8221;100%&#8221; width_last_edited=&#8221;on|phone&#8221; custom_margin=&#8221;||0px||false|false&#8221; custom_padding=&#8221;||0px||false|false&#8221; global_colors_info=&#8221;{}&#8221;][\/et_pb_divider][et_pb_text _builder_version=&#8221;4.23.1&#8243; _module_preset=&#8221;default&#8221; text_font=&#8221;||||||||&#8221; text_text_color=&#8221;#3c3c3c&#8221; text_font_size=&#8221;16px&#8221; text_line_height=&#8221;1.8em&#8221; width=&#8221;100%&#8221; width_tablet=&#8221;100%&#8221; width_phone=&#8221;100%&#8221; width_last_edited=&#8221;on|phone&#8221; module_alignment=&#8221;left&#8221; custom_margin=&#8221;||||false|false&#8221; text_font_size_tablet=&#8221;16px&#8221; text_font_size_phone=&#8221;15px&#8221; text_font_size_last_edited=&#8221;on|phone&#8221; locked=&#8221;off&#8221; global_colors_info=&#8221;{}&#8221;]Glavni cilj ortodontskega zdravljenja je izbolj\u0161ati poravnavo zob, odpraviti te\u017eave z ugrizom ter izbolj\u0161ati splo\u0161no zdravje in delovanje ustne votline. Ortodontski postopki pogosto vklju\u010dujejo uporabo zobnih aparatov, ravnalnikov in drugih pripomo\u010dkov za postopno premikanje zob v pravilne polo\u017eaje.[\/et_pb_text][et_pb_button button_url=&#8221;https:\/\/dental-implants-center.hr\/sl\/kontakt\/&#8221; url_new_window=&#8221;on&#8221; button_text=&#8221;Po\u0161ljite Nam Sporo\u010dilo&#8221; button_alignment=&#8221;right&#8221; _builder_version=&#8221;4.27.6&#8243; _module_preset=&#8221;default&#8221; custom_button=&#8221;on&#8221; button_text_size=&#8221;16px&#8221; button_text_color=&#8221;#FFFFFF&#8221; button_bg_color=&#8221;#007C7A&#8221; button_border_width=&#8221;2px&#8221; button_border_color=&#8221;#007C7A&#8221; button_border_radius=&#8221;50px&#8221; button_use_icon=&#8221;off&#8221; global_colors_info=&#8221;{}&#8221; button_bg_color__hover_enabled=&#8221;on|hover&#8221; button_bg_color__hover=&#8221;#98DAD9&#8243; button_bg_enable_color__hover=&#8221;on&#8221;][\/et_pb_button][\/et_pb_column][et_pb_column type=&#8221;1_2&#8243; _builder_version=&#8221;4.23.1&#8243; _module_preset=&#8221;default&#8221; custom_padding=&#8221;20px||||false|false&#8221; global_colors_info=&#8221;{}&#8221;][et_pb_image src=&#8221;https:\/\/dental-implants-center.hr\/wp-content\/uploads\/2024\/01\/icon-007.png&#8221; alt=&#8221;3d tiskanje zob &#8211; zobna proteza istega dne &#8211; ikona&#8221; title_text=&#8221;icon-007&#8243; _builder_version=&#8221;4.23.1&#8243; _module_preset=&#8221;default&#8221; width=&#8221;90px&#8221; width_tablet=&#8221;85px&#8221; width_phone=&#8221;70px&#8221; width_last_edited=&#8221;on|phone&#8221; custom_margin=&#8221;||0px||false|false&#8221; custom_padding=&#8221;||20px||false|false&#8221; module_alignment_tablet=&#8221;&#8221; module_alignment_phone=&#8221;center&#8221; module_alignment_last_edited=&#8221;on|phone&#8221; global_colors_info=&#8221;{}&#8221;][\/et_pb_image][et_pb_blurb title=&#8221;Zobni Aparat&#8221; use_icon=&#8221;on&#8221; font_icon=&#8221;&#x24;||divi||400&#8243; image_icon_background_color=&#8221;#EDECE3&#8243; icon_placement=&#8221;left&#8221; image_icon_width=&#8221;16px&#8221; _builder_version=&#8221;4.27.6&#8243; _module_preset=&#8221;default&#8221; header_font=&#8221;|700|||||||&#8221; header_text_color=&#8221;#353535&#8243; header_font_size=&#8221;22px&#8221; body_text_color=&#8221;#353535&#8243; body_font_size=&#8221;16px&#8221; custom_margin=&#8221;||0px||false|false&#8221; custom_padding=&#8221;||20px||false|false&#8221; body_font_size_tablet=&#8221;16px&#8221; body_font_size_phone=&#8221;15px&#8221; body_font_size_last_edited=&#8221;on|phone&#8221; border_radii_image=&#8221;on|50px|50px|50px|50px&#8221; border_width_all_image=&#8221;4px&#8221; border_color_all_image=&#8221;#EDECE3&#8243; global_colors_info=&#8221;{}&#8221;]<\/p>\n<p>Zobni aparat je tradicionalno ortodontsko zdravljenje, pri katerem se uporabljajo kovinski nosilci, \u017eice in trakovi, ki ne\u017eno pritiskajo na zobe in jih usmerjajo v \u017eelene polo\u017eaje.<\/p>\n<p>[\/et_pb_blurb][et_pb_blurb title=&#8221;Prozorni Nastavki&#8221; use_icon=&#8221;on&#8221; font_icon=&#8221;&#x24;||divi||400&#8243; image_icon_background_color=&#8221;#EDECE3&#8243; icon_placement=&#8221;left&#8221; image_icon_width=&#8221;16px&#8221; _builder_version=&#8221;4.27.6&#8243; _module_preset=&#8221;default&#8221; header_font=&#8221;|700|||||||&#8221; header_text_color=&#8221;#353535&#8243; header_font_size=&#8221;22px&#8221; body_text_color=&#8221;#353535&#8243; body_font_size=&#8221;16px&#8221; custom_margin=&#8221;||0px||false|false&#8221; custom_padding=&#8221;||20px||false|false&#8221; body_font_size_tablet=&#8221;16px&#8221; body_font_size_phone=&#8221;15px&#8221; body_font_size_last_edited=&#8221;on|phone&#8221; border_radii_image=&#8221;on|50px|50px|50px|50px&#8221; border_width_all_image=&#8221;4px&#8221; border_color_all_image=&#8221;#EDECE3&#8243; global_colors_info=&#8221;{}&#8221;]Prozorni nastavki so bolj diskretna alternativa klasi\u010dnim zobnim aparatom. Sestavljeni so iz po meri izdelanih, prozornih plasti\u010dnih pladnjev, ki postopoma premikajo zobe v \u017eelene polo\u017eaje.[\/et_pb_blurb][et_pb_blurb title=&#8221;Retencija&#8221; use_icon=&#8221;on&#8221; font_icon=&#8221;&#x24;||divi||400&#8243; image_icon_background_color=&#8221;#EDECE3&#8243; icon_placement=&#8221;left&#8221; image_icon_width=&#8221;16px&#8221; _builder_version=&#8221;4.23.1&#8243; _module_preset=&#8221;default&#8221; header_font=&#8221;|700|||||||&#8221; header_text_color=&#8221;#353535&#8243; header_font_size=&#8221;22px&#8221; body_text_color=&#8221;#353535&#8243; body_font_size=&#8221;16px&#8221; custom_margin=&#8221;||0px||false|false&#8221; custom_padding=&#8221;||20px||false|false&#8221; body_font_size_tablet=&#8221;16px&#8221; body_font_size_phone=&#8221;15px&#8221; body_font_size_last_edited=&#8221;on|phone&#8221; border_radii_image=&#8221;on|50px|50px|50px|50px&#8221; border_width_all_image=&#8221;4px&#8221; border_color_all_image=&#8221;#EDECE3&#8243; global_colors_info=&#8221;{}&#8221;]Retencija je klju\u010dna faza po aktivnem ortodontskem zdravljenju za ohranitev dose\u017eenih rezultatov.[\/et_pb_blurb][\/et_pb_column][\/et_pb_row][et_pb_row _builder_version=&#8221;4.23.1&#8243; _module_preset=&#8221;default&#8221; global_colors_info=&#8221;{}&#8221;][et_pb_column type=&#8221;4_4&#8243; _builder_version=&#8221;4.23.1&#8243; _module_preset=&#8221;default&#8221; global_colors_info=&#8221;{}&#8221;][et_pb_button button_url=&#8221;https:\/\/dental-implants-center.hr\/sl\/kontakt\/&#8221; url_new_window=&#8221;on&#8221; button_text=&#8221;Stopite v Stik z Nami \u0161e Danes&#8221; button_alignment=&#8221;center&#8221; _builder_version=&#8221;4.27.6&#8243; _module_preset=&#8221;default&#8221; custom_button=&#8221;on&#8221; button_text_size=&#8221;16px&#8221; button_text_color=&#8221;#FFFFFF&#8221; button_bg_color=&#8221;#007C7A&#8221; button_border_width=&#8221;2px&#8221; button_border_color=&#8221;#007C7A&#8221; button_border_radius=&#8221;50px&#8221; button_use_icon=&#8221;off&#8221; global_colors_info=&#8221;{}&#8221; button_bg_color__hover_enabled=&#8221;on|hover&#8221; button_bg_color__hover=&#8221;#98DAD9&#8243; button_bg_enable_color__hover=&#8221;on&#8221;][\/et_pb_button][\/et_pb_column][\/et_pb_row][\/et_pb_section]<\/p>\n","protected":false},"excerpt":{"rendered":"<p>Izravnajte ZobeOrtodontija Ortodontija je klini\u010dna specialisti\u010dna veja zobozdravstva, ki se ukvarja z rastjo, razvojem in vzdr\u017eevanjem zob ter doseganjem harmonije ust in \u010deljusti.<div class=\"et_pb_module dsm_button dsm_button_0 et_pb_bg_layout_light\">\n\t\t\t\t\n\t\t\t\t\n\t\t\t\t\n\t\t\t\t\n\t\t\t\t\n\t\t\t\t\n\t\t\t\t<div class=\"et_pb_module_inner\">\n\t\t\t\t\t<div class=\"et_pb_button_module_wrappers dsm_button_0_wrapper  et_pb_module\">\n\t\t\t\t<a class=\"et_pb_button et_pb_button_one et_pb_bg_layout_light dsm-none \"  href=http:\/\/&#8221;#equipment&#8221; data-dsm-lightbox-id=\"dsm_button_one_lightbox dsm_button_0\"><span>&#8221;POSTOPEK&#8221;<\/span><\/a><a class=\"et_pb_button et_pb_button_two et_pb_bg_layout_light dsm-none \"  data-dsm-lightbox-id=\"dsm_button_two_lightbox dsm_button_0\"><span>&#8221;REZERVIRAJTE<\/span><\/a>\n\t\t\t<\/div>\n\t\t\t\t<\/div>\n\t\t\t<\/div><\/p>\n","protected":false},"author":2,"featured_media":0,"parent":0,"menu_order":0,"comment_status":"closed","ping_status":"closed","template":"","meta":{"_et_pb_use_builder":"on","_et_pb_old_content":"","_et_gb_content_width":"","footnotes":""},"class_list":["post-263547","page","type-page","status-publish","hentry"],"yoast_head":"<!-- This site is optimized with the Yoast SEO plugin v27.1.1 - https:\/\/yoast.com\/product\/yoast-seo-wordpress\/ -->\n<title>Ortodontija - Ortodont Hrva\u0161ka - Dr.Goran Slivar - Dental Implants<\/title>\n<meta name=\"description\" content=\"Ortodontija - Ortodont Hrva\u0161ka, glavni cilj ortodontskega zdravljenja je izbolj\u0161ati poravnavo zob, odpraviti te\u017eave z ugrizom ter izbolj\u0161ati..\" \/>\n<meta name=\"robots\" content=\"index, follow, max-snippet:-1, max-image-preview:large, max-video-preview:-1\" \/>\n<link rel=\"canonical\" href=\"https:\/\/dental-implants-center.hr\/sl\/ortodontija\/\" \/>\n<meta property=\"og:locale\" content=\"sl_SI\" \/>\n<meta property=\"og:type\" content=\"article\" \/>\n<meta property=\"og:title\" content=\"Ortodontija - Ortodont Hrva\u0161ka - Dr.Goran Slivar - Dental Implants\" \/>\n<meta property=\"og:description\" content=\"Ortodontija - Ortodont Hrva\u0161ka, glavni cilj ortodontskega zdravljenja je izbolj\u0161ati poravnavo zob, odpraviti te\u017eave z ugrizom ter izbolj\u0161ati..\" \/>\n<meta property=\"og:url\" content=\"https:\/\/dental-implants-center.hr\/sl\/ortodontija\/\" \/>\n<meta property=\"og:site_name\" content=\"Dental Implants Center dr. Goran Slivar\" \/>\n<meta property=\"article:publisher\" content=\"https:\/\/www.facebook.com\/dentaltourismhr\" \/>\n<meta property=\"article:modified_time\" content=\"2026-03-07T14:23:18+00:00\" \/>\n<meta name=\"twitter:card\" content=\"summary_large_image\" \/>\n<meta name=\"twitter:label1\" content=\"Est. reading time\" \/>\n\t<meta name=\"twitter:data1\" content=\"2 minuti\" \/>\n<script type=\"application\/ld+json\" class=\"yoast-schema-graph\">{\"@context\":\"https:\/\/schema.org\",\"@graph\":[{\"@type\":\"WebPage\",\"@id\":\"https:\/\/dental-implants-center.hr\/sl\/ortodontija\/\",\"url\":\"https:\/\/dental-implants-center.hr\/sl\/ortodontija\/\",\"name\":\"Ortodontija - Ortodont Hrva\u0161ka - Dr.Goran Slivar - Dental Implants\",\"isPartOf\":{\"@id\":\"https:\/\/dental-implants-center.hr\/sl\/#website\"},\"datePublished\":\"2024-01-02T10:03:35+00:00\",\"dateModified\":\"2026-03-07T14:23:18+00:00\",\"description\":\"Ortodontija - Ortodont Hrva\u0161ka, glavni cilj ortodontskega zdravljenja je izbolj\u0161ati poravnavo zob, odpraviti te\u017eave z ugrizom ter izbolj\u0161ati..\",\"breadcrumb\":{\"@id\":\"https:\/\/dental-implants-center.hr\/sl\/ortodontija\/#breadcrumb\"},\"inLanguage\":\"sl-SI\",\"potentialAction\":[{\"@type\":\"ReadAction\",\"target\":[\"https:\/\/dental-implants-center.hr\/sl\/ortodontija\/\"]}]},{\"@type\":\"BreadcrumbList\",\"@id\":\"https:\/\/dental-implants-center.hr\/sl\/ortodontija\/#breadcrumb\",\"itemListElement\":[{\"@type\":\"ListItem\",\"position\":1,\"name\":\"Home\",\"item\":\"https:\/\/dental-implants-center.hr\/sl\/\"},{\"@type\":\"ListItem\",\"position\":2,\"name\":\"Ortodontija\"}]},{\"@type\":\"WebSite\",\"@id\":\"https:\/\/dental-implants-center.hr\/sl\/#website\",\"url\":\"https:\/\/dental-implants-center.hr\/sl\/\",\"name\":\"Dental Implants Center dr. Goran Slivar\",\"description\":\"Concierge Stomatolog | Straumann Implantati | 3shape TRIOS 6 | coDiagnostix\",\"potentialAction\":[{\"@type\":\"SearchAction\",\"target\":{\"@type\":\"EntryPoint\",\"urlTemplate\":\"https:\/\/dental-implants-center.hr\/sl\/?s={search_term_string}\"},\"query-input\":{\"@type\":\"PropertyValueSpecification\",\"valueRequired\":true,\"valueName\":\"search_term_string\"}}],\"inLanguage\":\"sl-SI\"}]}<\/script>\n<!-- \/ Yoast SEO plugin. -->","yoast_head_json":{"title":"Ortodontija - Ortodont Hrva\u0161ka - Dr.Goran Slivar - Dental Implants","description":"Ortodontija - Ortodont Hrva\u0161ka, glavni cilj ortodontskega zdravljenja je izbolj\u0161ati poravnavo zob, odpraviti te\u017eave z ugrizom ter izbolj\u0161ati..","robots":{"index":"index","follow":"follow","max-snippet":"max-snippet:-1","max-image-preview":"max-image-preview:large","max-video-preview":"max-video-preview:-1"},"canonical":"https:\/\/dental-implants-center.hr\/sl\/ortodontija\/","og_locale":"sl_SI","og_type":"article","og_title":"Ortodontija - Ortodont Hrva\u0161ka - Dr.Goran Slivar - Dental Implants","og_description":"Ortodontija - Ortodont Hrva\u0161ka, glavni cilj ortodontskega zdravljenja je izbolj\u0161ati poravnavo zob, odpraviti te\u017eave z ugrizom ter izbolj\u0161ati..","og_url":"https:\/\/dental-implants-center.hr\/sl\/ortodontija\/","og_site_name":"Dental Implants Center dr. Goran Slivar","article_publisher":"https:\/\/www.facebook.com\/dentaltourismhr","article_modified_time":"2026-03-07T14:23:18+00:00","twitter_card":"summary_large_image","twitter_misc":{"Est. reading time":"2 minuti"},"schema":{"@context":"https:\/\/schema.org","@graph":[{"@type":"WebPage","@id":"https:\/\/dental-implants-center.hr\/sl\/ortodontija\/","url":"https:\/\/dental-implants-center.hr\/sl\/ortodontija\/","name":"Ortodontija - Ortodont Hrva\u0161ka - Dr.Goran Slivar - Dental Implants","isPartOf":{"@id":"https:\/\/dental-implants-center.hr\/sl\/#website"},"datePublished":"2024-01-02T10:03:35+00:00","dateModified":"2026-03-07T14:23:18+00:00","description":"Ortodontija - Ortodont Hrva\u0161ka, glavni cilj ortodontskega zdravljenja je izbolj\u0161ati poravnavo zob, odpraviti te\u017eave z ugrizom ter izbolj\u0161ati..","breadcrumb":{"@id":"https:\/\/dental-implants-center.hr\/sl\/ortodontija\/#breadcrumb"},"inLanguage":"sl-SI","potentialAction":[{"@type":"ReadAction","target":["https:\/\/dental-implants-center.hr\/sl\/ortodontija\/"]}]},{"@type":"BreadcrumbList","@id":"https:\/\/dental-implants-center.hr\/sl\/ortodontija\/#breadcrumb","itemListElement":[{"@type":"ListItem","position":1,"name":"Home","item":"https:\/\/dental-implants-center.hr\/sl\/"},{"@type":"ListItem","position":2,"name":"Ortodontija"}]},{"@type":"WebSite","@id":"https:\/\/dental-implants-center.hr\/sl\/#website","url":"https:\/\/dental-implants-center.hr\/sl\/","name":"Dental Implants Center dr. Goran Slivar","description":"Concierge Stomatolog | Straumann Implantati | 3shape TRIOS 6 | coDiagnostix","potentialAction":[{"@type":"SearchAction","target":{"@type":"EntryPoint","urlTemplate":"https:\/\/dental-implants-center.hr\/sl\/?s={search_term_string}"},"query-input":{"@type":"PropertyValueSpecification","valueRequired":true,"valueName":"search_term_string"}}],"inLanguage":"sl-SI"}]}},"_links":{"self":[{"href":"https:\/\/dental-implants-center.hr\/sl\/wp-json\/wp\/v2\/pages\/263547","targetHints":{"allow":["GET"]}}],"collection":[{"href":"https:\/\/dental-implants-center.hr\/sl\/wp-json\/wp\/v2\/pages"}],"about":[{"href":"https:\/\/dental-implants-center.hr\/sl\/wp-json\/wp\/v2\/types\/page"}],"author":[{"embeddable":true,"href":"https:\/\/dental-implants-center.hr\/sl\/wp-json\/wp\/v2\/users\/2"}],"replies":[{"embeddable":true,"href":"https:\/\/dental-implants-center.hr\/sl\/wp-json\/wp\/v2\/comments?post=263547"}],"version-history":[{"count":11,"href":"https:\/\/dental-implants-center.hr\/sl\/wp-json\/wp\/v2\/pages\/263547\/revisions"}],"predecessor-version":[{"id":264501,"href":"https:\/\/dental-implants-center.hr\/sl\/wp-json\/wp\/v2\/pages\/263547\/revisions\/264501"}],"wp:attachment":[{"href":"https:\/\/dental-implants-center.hr\/sl\/wp-json\/wp\/v2\/media?parent=263547"}],"curies":[{"name":"wp","href":"https:\/\/api.w.org\/{rel}","templated":true}]}}