{"id":263610,"date":"2023-11-30T08:43:57","date_gmt":"2023-11-30T06:43:57","guid":{"rendered":"https:\/\/dental-implants-center.hr\/politika-zasebnosti\/"},"modified":"2026-03-11T03:40:51","modified_gmt":"2026-03-11T01:40:51","slug":"pravilnik-zasebnosti","status":"publish","type":"page","link":"https:\/\/dental-implants-center.hr\/sl\/pravilnik-zasebnosti\/","title":{"rendered":"Pravilnik Zasebnosti"},"content":{"rendered":"<p>[et_pb_section fb_built=&#8221;1&#8243; next_background_color=&#8221;#ffffff&#8221; _builder_version=&#8221;4.23.1&#8243; _module_preset=&#8221;default&#8221; use_background_color_gradient=&#8221;on&#8221; background_color_gradient_repeat=&#8221;on&#8221; background_color_gradient_direction=&#8221;122deg&#8221; background_color_gradient_stops=&#8221;#ffffff 0%|rgba(255,255,255,0.84) 37%|rgba(237,236,227,0.55) 99%&#8221; background_color_gradient_overlays_image=&#8221;on&#8221; background_enable_image=&#8221;off&#8221; custom_margin=&#8221;0px||0px||false|false&#8221; custom_padding=&#8221;1%||3%||false|false&#8221; bottom_divider_style=&#8221;curve&#8221; bottom_divider_height=&#8221;40px&#8221; global_colors_info=&#8221;{}&#8221;][et_pb_row use_custom_gutter=&#8221;on&#8221; gutter_width=&#8221;1&#8243; _builder_version=&#8221;4.23.1&#8243; _module_preset=&#8221;default&#8221; width_tablet=&#8221;&#8221; width_phone=&#8221;90%&#8221; width_last_edited=&#8221;on|phone&#8221; custom_margin=&#8221;||0px||false|false&#8221; custom_padding=&#8221;||0px||false|false&#8221; global_colors_info=&#8221;{}&#8221;][et_pb_column type=&#8221;4_4&#8243; _builder_version=&#8221;4.23.1&#8243; _module_preset=&#8221;default&#8221; custom_padding=&#8221;2%||||false|false&#8221; global_colors_info=&#8221;{}&#8221;][et_pb_text _builder_version=&#8221;4.23.1&#8243; _module_preset=&#8221;default&#8221; header_font=&#8221;DM Sans|700|||||||&#8221; header_text_color=&#8221;#007C7A&#8221; header_font_size=&#8221;18px&#8221; header_2_font=&#8221;EB Garamond|600|||||||&#8221; header_2_font_size=&#8221;20px&#8221; header_3_font=&#8221;DM Sans|700|||||||&#8221; header_3_text_color=&#8221;#007C7A&#8221; header_3_font_size=&#8221;18px&#8221; header_3_line_height=&#8221;1.3em&#8221; custom_padding=&#8221;||20px||false|false&#8221; custom_padding_tablet=&#8221;||20px||false|false&#8221; custom_padding_phone=&#8221;||5px||false|false&#8221; custom_padding_last_edited=&#8221;on|phone&#8221; text_line_height_tablet=&#8221;&#8221; text_line_height_phone=&#8221;1.8em&#8221; text_line_height_last_edited=&#8221;on|phone&#8221; header_line_height_tablet=&#8221;&#8221; header_line_height_phone=&#8221;1.3em&#8221; header_line_height_last_edited=&#8221;on|phone&#8221; global_colors_info=&#8221;{}&#8221;]<\/p>\n<h3>Dental Implants Center<\/h3>\n<p>[\/et_pb_text][et_pb_divider color=&#8221;#98DAD9&#8243; divider_weight=&#8221;2px&#8221; _builder_version=&#8221;4.23.1&#8243; _module_preset=&#8221;default&#8221; width=&#8221;30%&#8221; width_tablet=&#8221;60%&#8221; width_phone=&#8221;100%&#8221; width_last_edited=&#8221;on|phone&#8221; custom_margin=&#8221;||0px||false|false&#8221; custom_padding=&#8221;||0px||false|false&#8221; global_colors_info=&#8221;{}&#8221;][\/et_pb_divider][et_pb_text _builder_version=&#8221;4.23.1&#8243; _module_preset=&#8221;default&#8221; text_font=&#8221;|700|||||||&#8221; text_text_color=&#8221;#007C7A&#8221; text_font_size=&#8221;18px&#8221; text_line_height=&#8221;2em&#8221; header_font=&#8221;Cormorant Garamond|600|||||||&#8221; header_text_color=&#8221;#007C7A&#8221; header_font_size=&#8221;76px&#8221; header_2_font=&#8221;Cormorant Garamond|700|||||||&#8221; header_2_text_color=&#8221;#007C7A&#8221; header_2_font_size=&#8221;76px&#8221; custom_margin=&#8221;||0px||false|false&#8221; custom_margin_tablet=&#8221;||0px||false|false&#8221; custom_margin_phone=&#8221;-6px||||false|false&#8221; custom_margin_last_edited=&#8221;on|phone&#8221; custom_padding=&#8221;||10px||false|false&#8221; animation_style=&#8221;slide&#8221; animation_duration=&#8221;1500ms&#8221; animation_intensity_slide=&#8221;15%&#8221; header_font_size_tablet=&#8221;55px&#8221; header_font_size_phone=&#8221;42px&#8221; header_font_size_last_edited=&#8221;on|phone&#8221; header_2_text_color_tablet=&#8221;#007C7A&#8221; header_2_text_color_phone=&#8221;#007C7A&#8221; header_2_text_color_last_edited=&#8221;on|phone&#8221; header_2_font_size_tablet=&#8221;76px&#8221; header_2_font_size_phone=&#8221;45px&#8221; header_2_font_size_last_edited=&#8221;on|phone&#8221; global_colors_info=&#8221;{}&#8221;]<\/p>\n<h1>Politika Zasebnosti<\/h1>\n<p>[\/et_pb_text][\/et_pb_column][\/et_pb_row][\/et_pb_section][et_pb_section fb_built=&#8221;1&#8243; custom_padding_last_edited=&#8221;on|phone&#8221; _builder_version=&#8221;4.23.1&#8243; _module_preset=&#8221;default&#8221; custom_padding=&#8221;0px||4%||false|false&#8221; custom_padding_tablet=&#8221;&#8221; custom_padding_phone=&#8221;20px||||false|false&#8221; global_colors_info=&#8221;{}&#8221;][et_pb_row custom_padding_last_edited=&#8221;on|phone&#8221; _builder_version=&#8221;4.23.1&#8243; _module_preset=&#8221;default&#8221; width_tablet=&#8221;&#8221; width_phone=&#8221;90%&#8221; width_last_edited=&#8221;on|phone&#8221; custom_padding_tablet=&#8221;&#8221; custom_padding_phone=&#8221;0px||||false|false&#8221; global_colors_info=&#8221;{}&#8221;][et_pb_column type=&#8221;4_4&#8243; _builder_version=&#8221;4.23.1&#8243; _module_preset=&#8221;default&#8221; global_colors_info=&#8221;{}&#8221;][et_pb_text _builder_version=&#8221;4.27.6&#8243; _module_preset=&#8221;default&#8221; text_font=&#8221;||||||||&#8221; text_text_color=&#8221;#3c3c3c&#8221; text_font_size=&#8221;15px&#8221; text_line_height=&#8221;1.8em&#8221; header_4_font=&#8221;|700|||||||&#8221; header_4_text_color=&#8221;#007C7A&#8221; width=&#8221;100%&#8221; width_tablet=&#8221;100%&#8221; width_phone=&#8221;100%&#8221; width_last_edited=&#8221;on|phone&#8221; module_alignment=&#8221;left&#8221; custom_margin=&#8221;||||false|false&#8221; text_font_size_tablet=&#8221;16px&#8221; text_font_size_phone=&#8221;15px&#8221; text_font_size_last_edited=&#8221;on|phone&#8221; locked=&#8221;off&#8221; global_colors_info=&#8221;{}&#8221;]Dental Implants Center (&#8220;mi&#8221;, &#8220;nas&#8221; ali &#8220;na\u0161e&#8221;) upravlja spletno mesto dental-implants-center.hr (&#8220;storitev&#8221;).<br \/>\nNa tej strani vas obve\u0161\u010damo o na\u0161ih pravilih glede zbiranja, uporabe in razkritja osebnih podatkov, ko uporabljate na\u0161o storitev, ter o mo\u017enostih, ki jih imate v zvezi s temi podatki.<br \/>\nVa\u0161e podatke uporabljamo za zagotavljanje in izbolj\u0161evanje storitve. Z uporabo storitve se strinjate z zbiranjem in uporabo podatkov v skladu s tem pravilnikom. \u010ce v tem pravilniku o zasebnosti ni druga\u010de opredeljeno, imajo izrazi, uporabljeni v tem pravilniku o zasebnosti, enak pomen kot v na\u0161ih splo\u0161nih pogojih, ki so dostopni na naslovu dental-implants-center.hr<\/p>\n<h4>ZBIRANJE IN UPORABA INFORMACIJ<\/h4>\n<p>Za razli\u010dne namene zbiramo ve\u010d razli\u010dnih vrst informacij, da vam lahko zagotovimo in izbolj\u0161amo na\u0161e storitve.<\/p>\n<h4>VRSTE ZBRANIH PODATKOV<\/h4>\n<p>Osebni podatki<br \/>\nMed uporabo na\u0161e storitve vas lahko prosimo, da nam posredujete dolo\u010dene osebne podatke, ki jih je mogo\u010de uporabiti za stik z vami ali va\u0161o identifikacijo (&#8220;osebni podatki&#8221;). Osebni podatki lahko med drugim vklju\u010dujejo:<\/p>\n<ul>\n<li>e-po\u0161tni naslov<\/li>\n<li>ime in priimek<\/li>\n<li>telefonsko \u0161tevilko<\/li>\n<li>naslov, dr\u017eava, pokrajina, po\u0161tna \u0161tevilka\/po\u0161tna \u0161tevilka, mesto\n<\/ul>\n<h4>Pi\u0161kotki in podatki o uporabi<\/h4>\n<p>Podatki o uporabi<br \/>\nZbiramo lahko tudi podatke o tem, kako se do storitve dostopa in kako se uporablja (&#8220;podatki o uporabi&#8221;). Ti podatki o uporabi lahko vklju\u010dujejo informacije, kot so naslov internetnega protokola va\u0161ega ra\u010dunalnika (npr. naslov IP), vrsta brskalnika, razli\u010dica brskalnika, strani na\u0161e storitve, ki jih obi\u0161\u010dete, \u010das in datum va\u0161ega obiska, \u010das, porabljen na teh straneh, edinstveni identifikatorji naprave in drugi diagnosti\u010dni podatki.<br \/>\nPodatki o sledenju in pi\u0161kotkih<br \/>\nZa spremljanje dejavnosti v na\u0161i storitvi in shranjevanje dolo\u010denih podatkov uporabljamo pi\u0161kotke in podobne tehnologije sledenja.<br \/>\nPi\u0161kotki so datoteke z majhno koli\u010dino podatkov, ki lahko vklju\u010dujejo anonimni edinstveni identifikator. Pi\u0161kotki se s spletnega mesta po\u0161ljejo v va\u0161 brskalnik in se shranijo v va\u0161i napravi. Tehnologije sledenja se uporabljajo tudi svetilniki, oznake in skripte za zbiranje in sledenje informacije ter za izbolj\u0161anje in analizo na\u0161e storitve.<br \/>\nSvojemu brskalniku lahko naro\u010dite, da zavrne vse pi\u0161kotke ali da sporo\u010di, kdaj se pi\u0161kotek po\u0161ilja. \u010ce pi\u0161kotkov ne sprejmete, morda ne boste mogli uporabljati nekaterih delov na\u0161e storitve.<br \/>\nPrimeri pi\u0161kotkov, ki jih uporabljamo:<br \/>\nSejni pi\u0161kotki. Sejne pi\u0161kotke uporabljamo za delovanje na\u0161e storitve.<br \/>\nPi\u0161kotki za nastavitve. Pi\u0161kotke za nastavitve uporabljamo, da si zapomnimo va\u0161e nastavitve in razli\u010dne nastavitve.<br \/>\nVarnostni pi\u0161kotki. Varnostne pi\u0161kotke uporabljamo za varnostne namene.<\/li>\n<\/ul>\n<h4>UPORABA PODATKOV<\/h4>\n<p>Dental Implants Center uporablja zbrane podatke za razli\u010dne namene:<br \/>\nZa zagotavljanje in vzdr\u017eevanje storitve<br \/>\nza obve\u0161\u010danje o spremembah na\u0161e storitve<br \/>\nda vam omogo\u010dimo sodelovanje v interaktivnih funkcijah na\u0161e storitve, \u010de se za to odlo\u010dite<br \/>\nza zagotavljanje storitev za stranke in podpore<br \/>\nza zagotavljanje analize ali dragocenih informacij, da lahko izbolj\u0161amo storitev<br \/>\nza spremljanje uporabe storitve<br \/>\nza odkrivanje, prepre\u010devanje in odpravljanje tehni\u010dnih te\u017eav<br \/>\nPrenos podatkov<br \/>\nVa\u0161i podatki, vklju\u010dno z osebnimi podatki, se lahko prenesejo v ra\u010dunalnike, ki se nahajajo zunaj va\u0161e dr\u017eave, pokrajine, dr\u017eave ali druge vladne jurisdikcije, kjer se zakoni o varstvu podatkov lahko razlikujejo od zakonov va\u0161e jurisdikcije, in se v njih tudi hranijo.<br \/>\n\u010ce se nahajate zunaj Zdru\u017eenih dr\u017eav Amerike in se odlo\u010dite, da nam posredujete podatke, upo\u0161tevajte, da podatke, vklju\u010dno z osebnimi podatki, prenesemo v Zdru\u017eene dr\u017eave Amerike in jih tam obdelujemo.<br \/>\nVa\u0161e strinjanje s tem pravilnikom o zasebnosti, ki mu sledi predlo\u017eitev tak\u0161nih podatkov, pomeni, da se strinjate s tem prenosom.<br \/>\nDental Implants Centerwill bo sprejel vse razumno potrebne ukrepe za zagotovitev, da se va\u0161i podatki obravnavajo varno in v skladu s to politiko zasebnosti, in noben prijenos. Osebni podatki se bodo prenesli v organizacijo ali dr\u017eavo, \u010de ne bo vzpostavljen ustrezen nadzor, vklju\u010dno z varnostjo va\u0161ih podatkov in drugih osebnih informacij.<\/p>\n<h4>RAZKRITJE PODATKOV<\/h4>\n<p>Zakonske zahteve<br \/>\nDental Implants Center lahko razkrije va\u0161e osebne podatke v dobri veri, da je tak\u0161no dejanje potrebno za:<br \/>\nizpolnjevanje zakonskih obveznosti<br \/>\nZa za\u0161\u010dito in obrambo pravic ali premo\u017eenja dru\u017ebe Dental Implants Center<br \/>\nza prepre\u010devanje ali preiskovanje morebitnih nepravilnosti v zvezi s storitvijo<br \/>\nza za\u0161\u010dito osebne varnosti uporabnikov storitve ali javnosti<br \/>\nZa za\u0161\u010dito pred pravno odgovornostjo<\/p>\n<h4>VARNOST PODATKOV<\/h4>\n<p>Varnost va\u0161ih podatkov nam je pomembna, vendar ne pozabite, da noben na\u010din prenosa prek interneta ali elektronskega shranjevanja ni 100-odstotno varen. \u010ceprav si prizadevamo uporabljati komercialno sprejemljiva sredstva za za\u0161\u010dito va\u0161ih osebnih podatkov, ne moremo zagotoviti njihove popolne varnosti.<\/p>\n<h4>PONUDNIKI STORITEV<\/h4>\n<p>Za pospe\u0161evanje na\u0161e storitve lahko zaposlimo podjetja in posameznike tretjih oseb (&#8220;ponudniki storitev&#8221;), ki zagotavljajo storitev v na\u0161em imenu, izvajajo storitve, povezane s storitvijo, ali nam pomagajo pri analizi uporabe na\u0161e storitve.<br \/>\nTe tretje osebe imajo dostop do va\u0161ih osebnih podatkov samo za opravljanje teh nalog v na\u0161em imenu in jih niso dol\u017ene razkriti ali uporabiti za noben drug namen.<\/p>\n<h4>ANALITIKA<\/h4>\n<p>Za spremljanje in analiziranje uporabe na\u0161e storitve lahko uporabljamo ponudnike storitev tretjih oseb.<br \/>\nGoogle Analytics<br \/>\nGoogle Analytics je storitev spletne analitike, ki jo ponuja Google in s katero se spremlja in poro\u010da o prometu na spletnem mestu. Google zbrane podatke uporablja za sledenje in spremljanje uporabe na\u0161e storitve. Ti podatki se delijo z drugimi Googlovimi storitvami. Google lahko zbrane podatke uporabi za kontekstualizacijo in personalizacijo oglasov svojega ogla\u0161evalskega omre\u017eja.<br \/>\nSvojo dejavnost v storitvi lahko odjavite tako, da jo daste na voljo storitvi Google Analytics, tako da namestite dodatek za brskalnik za odjavo od storitve Google Analytics. Dodatek prepre\u010duje, da bi JavaScript storitve Google Analytics (ga.js, analytics.js in dc.js) delil informacije o dejavnosti obiskov z Google Analytics.<br \/>\nZa ve\u010d informacij o zasebnosti<\/p>\n<h4>POVEZAVE NA DRUGE SPLETNE STRANI<\/h4>\n<p>Na\u0161a spletna stran lahko vsebuje povezave do drugih spletnih strani, ki niso v na\u0161i lasti ali pod na\u0161im nadzorom.<br \/>\n\u010ce kliknete na povezavo tretje osebe, boste preusmerjeni na njihovo spletno stran. Upo\u0161tevajte, da imajo te spletne strani lastne politike zasebnosti in pogoje uporabe.<br \/>\nPriporo\u010damo, da pred uporabo tak\u0161nih strani preberete njihovo Politiko zasebnosti in Pogoje uporabe.<br \/>\nNe prevzemamo odgovornosti za vsebino, politike zasebnosti, varnost podatkov ali poslovne prakse spletnih strani ali storitev tretjih oseb.<\/p>\n<h4>OMEJITEV ODGOVORNOSTI<\/h4>\n<p>Informacije, objavljene na tej spletni strani, so namenjene izklju\u010dno informativnim namenom in ne predstavljajo nadomestila za strokovni zobozdravstveni pregled, diagnozo ali zdravljenje.<br \/>\nZa vse medicinske nasvete, diagnostiko in zdravljenje se je treba obrniti na usposobljenega zobozdravnika in se naro\u010diti na pregled v zobozdravstveni ambulanti.<\/p>\n<h4>VARSTVO OSEBNIH PODATKOV<\/h4>\n<p>Zobozdravstvena klinika obdeluje osebne podatke uporabnikov v skladu z veljavno zakonodajo o varstvu osebnih podatkov, vklju\u010dno z:<br \/>\n\u2022 Splo\u0161no uredbo o varstvu podatkov (GDPR)<br \/>\n\u2022 Zakonom o izvajanju Splo\u0161ne uredbe o varstvu podatkov Republike Hrva\u0161ke<br \/>\nPodatki, ki jih uporabniki posredujejo prek kontaktnega obrazca, e-po\u0161te ali telefona, se uporabljajo izklju\u010dno za odgovor na povpra\u0161evanja, posredovanje informacij ali dogovor za termin.<br \/>\nOsebni podatki se ne bodo delili s tretjimi osebami, razen \u010de je to potrebno za izvedbo storitve ali \u010de to zahteva zakon.<\/p>\n<h4>SPREMEMBE VSEBINE<\/h4>\n<p>Pridr\u017eujemo si pravico do spremembe vsebine te spletne strani ter politike zasebnosti in pogojev uporabe kadarkoli brez predhodnega obvestila.<br \/>\nVse spremembe za\u010dnejo veljati z objavo na tej spletni strani.<\/p>\n<h4>KONTAKT<\/h4>\n<p>Za vsa vpra\u0161anja glede uporabe spletne strani ali varstva osebnih podatkov nas lahko kontaktirate:<br \/>\n\u2022 Telefon: +385 98 190 6728<br \/>\n\u2022 Naslov: Dental Implants Center ZAGREB<br \/>\nZagorska ul. 22 \u2013 10 000 Zagreb, HRVA\u0160KA[\/et_pb_text][\/et_pb_column][\/et_pb_row][\/et_pb_section]<\/p>\n","protected":false},"excerpt":{"rendered":"<p>Dental Implants CenterPolitika ZasebnostiDental Implants Center (&#8220;mi&#8221;, &#8220;nas&#8221; ali &#8220;na\u0161e&#8221;) upravlja spletno mesto dental-implants-center.hr (&#8220;storitev&#8221;). Na tej strani vas obve\u0161\u010damo o na\u0161ih pravilih glede zbiranja, uporabe in razkritja osebnih podatkov, ko uporabljate na\u0161o storitev, ter o mo\u017enostih, ki jih imate v zvezi s temi podatki. Va\u0161e podatke uporabljamo za zagotavljanje in izbolj\u0161evanje storitve. Z uporabo [&hellip;]<\/p>\n","protected":false},"author":2,"featured_media":0,"parent":0,"menu_order":0,"comment_status":"closed","ping_status":"open","template":"","meta":{"_et_pb_use_builder":"on","_et_pb_old_content":"","_et_gb_content_width":"","footnotes":""},"class_list":["post-263610","page","type-page","status-publish","hentry"],"yoast_head":"<!-- This site is optimized with the Yoast SEO plugin v27.1.1 - https:\/\/yoast.com\/product\/yoast-seo-wordpress\/ -->\n<title>Pravilnik Zasebnosti - dr. Goran Slivar - Dental Implants Center<\/title>\n<meta name=\"description\" content=\"Pravilnik zasebnosti - Z uporabo storitve se strinjate z zbiranjem in uporabo informacij v skladu s tem pravilnikom. Razen \u010de je to...\" \/>\n<meta name=\"robots\" content=\"index, follow, max-snippet:-1, max-image-preview:large, max-video-preview:-1\" \/>\n<link rel=\"canonical\" href=\"https:\/\/dental-implants-center.hr\/sl\/pravilnik-zasebnosti\/\" \/>\n<meta property=\"og:locale\" content=\"sl_SI\" \/>\n<meta property=\"og:type\" content=\"article\" \/>\n<meta property=\"og:title\" content=\"Pravilnik Zasebnosti - dr. Goran Slivar - Dental Implants Center\" \/>\n<meta property=\"og:description\" content=\"Pravilnik zasebnosti - Z uporabo storitve se strinjate z zbiranjem in uporabo informacij v skladu s tem pravilnikom. Razen \u010de je to...\" \/>\n<meta property=\"og:url\" content=\"https:\/\/dental-implants-center.hr\/sl\/pravilnik-zasebnosti\/\" \/>\n<meta property=\"og:site_name\" content=\"Dental Implants Center dr. Goran Slivar\" \/>\n<meta property=\"article:publisher\" content=\"https:\/\/www.facebook.com\/dentaltourismhr\" \/>\n<meta property=\"article:modified_time\" content=\"2026-03-11T01:40:51+00:00\" \/>\n<meta name=\"twitter:card\" content=\"summary_large_image\" \/>\n<meta name=\"twitter:label1\" content=\"Est. reading time\" \/>\n\t<meta name=\"twitter:data1\" content=\"7 minut\" \/>\n<script type=\"application\/ld+json\" class=\"yoast-schema-graph\">{\"@context\":\"https:\/\/schema.org\",\"@graph\":[{\"@type\":\"WebPage\",\"@id\":\"https:\/\/dental-implants-center.hr\/sl\/pravilnik-zasebnosti\/\",\"url\":\"https:\/\/dental-implants-center.hr\/sl\/pravilnik-zasebnosti\/\",\"name\":\"Pravilnik Zasebnosti - dr. Goran Slivar - Dental Implants Center\",\"isPartOf\":{\"@id\":\"https:\/\/dental-implants-center.hr\/sl\/#website\"},\"datePublished\":\"2023-11-30T06:43:57+00:00\",\"dateModified\":\"2026-03-11T01:40:51+00:00\",\"description\":\"Pravilnik zasebnosti - Z uporabo storitve se strinjate z zbiranjem in uporabo informacij v skladu s tem pravilnikom. Razen \u010de je to...\",\"breadcrumb\":{\"@id\":\"https:\/\/dental-implants-center.hr\/sl\/pravilnik-zasebnosti\/#breadcrumb\"},\"inLanguage\":\"sl-SI\",\"potentialAction\":[{\"@type\":\"ReadAction\",\"target\":[\"https:\/\/dental-implants-center.hr\/sl\/pravilnik-zasebnosti\/\"]}]},{\"@type\":\"BreadcrumbList\",\"@id\":\"https:\/\/dental-implants-center.hr\/sl\/pravilnik-zasebnosti\/#breadcrumb\",\"itemListElement\":[{\"@type\":\"ListItem\",\"position\":1,\"name\":\"Home\",\"item\":\"https:\/\/dental-implants-center.hr\/sl\/\"},{\"@type\":\"ListItem\",\"position\":2,\"name\":\"Pravilnik Zasebnosti\"}]},{\"@type\":\"WebSite\",\"@id\":\"https:\/\/dental-implants-center.hr\/sl\/#website\",\"url\":\"https:\/\/dental-implants-center.hr\/sl\/\",\"name\":\"Dental Implants Center dr. Goran Slivar\",\"description\":\"Concierge Stomatolog | Straumann Implantati | 3shape TRIOS 6 | coDiagnostix\",\"potentialAction\":[{\"@type\":\"SearchAction\",\"target\":{\"@type\":\"EntryPoint\",\"urlTemplate\":\"https:\/\/dental-implants-center.hr\/sl\/?s={search_term_string}\"},\"query-input\":{\"@type\":\"PropertyValueSpecification\",\"valueRequired\":true,\"valueName\":\"search_term_string\"}}],\"inLanguage\":\"sl-SI\"}]}<\/script>\n<!-- \/ Yoast SEO plugin. -->","yoast_head_json":{"title":"Pravilnik Zasebnosti - dr. Goran Slivar - Dental Implants Center","description":"Pravilnik zasebnosti - Z uporabo storitve se strinjate z zbiranjem in uporabo informacij v skladu s tem pravilnikom. Razen \u010de je to...","robots":{"index":"index","follow":"follow","max-snippet":"max-snippet:-1","max-image-preview":"max-image-preview:large","max-video-preview":"max-video-preview:-1"},"canonical":"https:\/\/dental-implants-center.hr\/sl\/pravilnik-zasebnosti\/","og_locale":"sl_SI","og_type":"article","og_title":"Pravilnik Zasebnosti - dr. Goran Slivar - Dental Implants Center","og_description":"Pravilnik zasebnosti - Z uporabo storitve se strinjate z zbiranjem in uporabo informacij v skladu s tem pravilnikom. Razen \u010de je to...","og_url":"https:\/\/dental-implants-center.hr\/sl\/pravilnik-zasebnosti\/","og_site_name":"Dental Implants Center dr. Goran Slivar","article_publisher":"https:\/\/www.facebook.com\/dentaltourismhr","article_modified_time":"2026-03-11T01:40:51+00:00","twitter_card":"summary_large_image","twitter_misc":{"Est. reading time":"7 minut"},"schema":{"@context":"https:\/\/schema.org","@graph":[{"@type":"WebPage","@id":"https:\/\/dental-implants-center.hr\/sl\/pravilnik-zasebnosti\/","url":"https:\/\/dental-implants-center.hr\/sl\/pravilnik-zasebnosti\/","name":"Pravilnik Zasebnosti - dr. Goran Slivar - Dental Implants Center","isPartOf":{"@id":"https:\/\/dental-implants-center.hr\/sl\/#website"},"datePublished":"2023-11-30T06:43:57+00:00","dateModified":"2026-03-11T01:40:51+00:00","description":"Pravilnik zasebnosti - Z uporabo storitve se strinjate z zbiranjem in uporabo informacij v skladu s tem pravilnikom. Razen \u010de je to...","breadcrumb":{"@id":"https:\/\/dental-implants-center.hr\/sl\/pravilnik-zasebnosti\/#breadcrumb"},"inLanguage":"sl-SI","potentialAction":[{"@type":"ReadAction","target":["https:\/\/dental-implants-center.hr\/sl\/pravilnik-zasebnosti\/"]}]},{"@type":"BreadcrumbList","@id":"https:\/\/dental-implants-center.hr\/sl\/pravilnik-zasebnosti\/#breadcrumb","itemListElement":[{"@type":"ListItem","position":1,"name":"Home","item":"https:\/\/dental-implants-center.hr\/sl\/"},{"@type":"ListItem","position":2,"name":"Pravilnik Zasebnosti"}]},{"@type":"WebSite","@id":"https:\/\/dental-implants-center.hr\/sl\/#website","url":"https:\/\/dental-implants-center.hr\/sl\/","name":"Dental Implants Center dr. Goran Slivar","description":"Concierge Stomatolog | Straumann Implantati | 3shape TRIOS 6 | coDiagnostix","potentialAction":[{"@type":"SearchAction","target":{"@type":"EntryPoint","urlTemplate":"https:\/\/dental-implants-center.hr\/sl\/?s={search_term_string}"},"query-input":{"@type":"PropertyValueSpecification","valueRequired":true,"valueName":"search_term_string"}}],"inLanguage":"sl-SI"}]}},"_links":{"self":[{"href":"https:\/\/dental-implants-center.hr\/sl\/wp-json\/wp\/v2\/pages\/263610","targetHints":{"allow":["GET"]}}],"collection":[{"href":"https:\/\/dental-implants-center.hr\/sl\/wp-json\/wp\/v2\/pages"}],"about":[{"href":"https:\/\/dental-implants-center.hr\/sl\/wp-json\/wp\/v2\/types\/page"}],"author":[{"embeddable":true,"href":"https:\/\/dental-implants-center.hr\/sl\/wp-json\/wp\/v2\/users\/2"}],"replies":[{"embeddable":true,"href":"https:\/\/dental-implants-center.hr\/sl\/wp-json\/wp\/v2\/comments?post=263610"}],"version-history":[{"count":11,"href":"https:\/\/dental-implants-center.hr\/sl\/wp-json\/wp\/v2\/pages\/263610\/revisions"}],"predecessor-version":[{"id":264695,"href":"https:\/\/dental-implants-center.hr\/sl\/wp-json\/wp\/v2\/pages\/263610\/revisions\/264695"}],"wp:attachment":[{"href":"https:\/\/dental-implants-center.hr\/sl\/wp-json\/wp\/v2\/media?parent=263610"}],"curies":[{"name":"wp","href":"https:\/\/api.w.org\/{rel}","templated":true}]}}